{"id":891,"date":"2021-02-05T12:43:32","date_gmt":"2021-02-05T18:43:32","guid":{"rendered":"https:\/\/worldgifted2021.com\/?page_id=891"},"modified":"2023-06-08T14:26:49","modified_gmt":"2023-06-08T14:26:49","slug":"schedule","status":"publish","type":"page","link":"https:\/\/world-gifted.org\/Conferences\/wcgtc23\/schedule\/","title":{"rendered":"Schedule"},"content":{"rendered":"\t\t<div data-elementor-type=\"wp-page\" data-elementor-id=\"891\" class=\"elementor elementor-891\" data-elementor-post-type=\"page\">\n\t\t\t\t\t\t<section class=\"elementor-section elementor-top-section elementor-element elementor-element-a57b28e elementor-section-full_width elementor-section-height-default elementor-section-height-default\" data-id=\"a57b28e\" data-element_type=\"section\" data-e-type=\"section\">\n\t\t\t\t\t\t<div class=\"elementor-container elementor-column-gap-default\">\n\t\t\t\t\t<div class=\"elementor-column elementor-col-50 elementor-top-column elementor-element elementor-element-749da85\" data-id=\"749da85\" data-element_type=\"column\" data-e-type=\"column\">\n\t\t\t<div class=\"elementor-widget-wrap elementor-element-populated\">\n\t\t\t\t\t\t<div class=\"elementor-element elementor-element-658a3c1 elementor-widget elementor-widget-text-editor\" data-id=\"658a3c1\" data-element_type=\"widget\" data-e-type=\"widget\" data-widget_type=\"text-editor.default\">\n\t\t\t\t<div class=\"elementor-widget-container\">\n\t\t\t\t\t\t\t\t\t<p>A tentative schedule for the live sessions for the Virtual World Conference is included below. The table below lists the times in three different time zones (AEST, CDT, and BST). Links for viewing the times in your local time zone are also included below. This schedule is tentative and subject to change.<\/p><p>Some synchronous conversations may be planned during the week between Days 2 and 3. More information will be available later.<\/p>\t\t\t\t\t\t\t\t<\/div>\n\t\t\t\t<\/div>\n\t\t\t\t<div class=\"elementor-element elementor-element-0c25d5e elementor-alert-info elementor-widget elementor-widget-alert\" data-id=\"0c25d5e\" data-element_type=\"widget\" data-e-type=\"widget\" data-widget_type=\"alert.default\">\n\t\t\t\t<div class=\"elementor-widget-container\">\n\t\t\t\t\t\t\t<div class=\"elementor-alert\" role=\"alert\">\n\n\t\t\t\t\t\t<span class=\"elementor-alert-title\">Can't attend some of the live sessions? No problem!<\/span>\n\t\t\t\n\t\t\t\t\t\t<span class=\"elementor-alert-description\">All live\/simulive sessions will be recorded for viewing later in case you are unable to attend some of the sessions live.<\/span>\n\t\t\t\n\t\t\t\t\t\t<button type=\"button\" class=\"elementor-alert-dismiss\" aria-label=\"Dismiss this alert.\">\n\t\t\t\t\t\t\t\t\t<span aria-hidden=\"true\">&times;<\/span>\n\t\t\t\t\t\t\t<\/button>\n\t\t\t\n\t\t<\/div>\n\t\t\t\t\t\t<\/div>\n\t\t\t\t<\/div>\n\t\t\t\t<div class=\"elementor-element elementor-element-8e458d0 elementor-widget elementor-widget-heading\" data-id=\"8e458d0\" data-element_type=\"widget\" data-e-type=\"widget\" data-widget_type=\"heading.default\">\n\t\t\t\t<div class=\"elementor-widget-container\">\n\t\t\t\t\t<h2 class=\"elementor-heading-title elementor-size-default\">Day 1 - August 5 (live sessions in Australian Eastern Standard Time)<\/h2>\t\t\t\t<\/div>\n\t\t\t\t<\/div>\n\t\t\t\t<div class=\"elementor-element elementor-element-cfba5a9 elementor-widget elementor-widget-text-editor\" data-id=\"cfba5a9\" data-element_type=\"widget\" data-e-type=\"widget\" data-widget_type=\"text-editor.default\">\n\t\t\t\t<div class=\"elementor-widget-container\">\n\t\t\t\t\t\t\t\t\t<p><span style=\"text-decoration: underline;\"><a href=\"https:\/\/www.timeanddate.com\/worldclock\/fixedtime.html?msg=2023+Virtual+World+Conference+Day+1&amp;iso=20230805T0945&amp;p1=240&amp;ah=6&amp;am=45\" target=\"_blank\" rel=\"noopener\">Click here<\/a><\/span> to view your local times for Day 1 live sessions.<\/p>\t\t\t\t\t\t\t\t<\/div>\n\t\t\t\t<\/div>\n\t\t\t\t<div class=\"elementor-element elementor-element-7f371b5 elementor-widget elementor-widget-text-editor\" data-id=\"7f371b5\" data-element_type=\"widget\" data-e-type=\"widget\" data-widget_type=\"text-editor.default\">\n\t\t\t\t<div class=\"elementor-widget-container\">\n\t\t\t\t\t\t\t\t\t<table width=\"886\"><tbody><tr><td width=\"203\">\u00a0<\/td><td width=\"157\">Time AEST (Sydney)<\/td><td width=\"219\">Time CDT (Chicago)<\/td><td width=\"307\">Time BST (London)<\/td><\/tr><tr><td>Opening<\/td><td>9:45 AM &#8211; 10:00 AM<\/td><td>6:45 PM &#8211; 7:00 PM (August 4)<\/td><td>12:45 AM &#8211; 1:00 AM<\/td><\/tr><tr><td>Keynote<br \/>Julia Link Roberts<\/td><td>10:00 AM &#8211; 11:00 AM<\/td><td>7:00 PM &#8211; 8:00 PM\u00a0<span style=\"font-size: 14.4px;\">(August 4)<\/span><\/td><td>1:00 AM &#8211; 2:00 AM<\/td><\/tr><tr><td><p>Concurrent Sessions (three)<br \/><b>203<br \/>212<br \/>213<\/b><\/p><\/td><td>11:15 AM &#8211; 12:15 PM<\/td><td>8:15 PM &#8211; 9:15 PM (<span style=\"font-size: 14.4px;\">August 4<\/span>)<\/td><td>2:15 AM &#8211; 3:15 AM<\/td><\/tr><tr><td>Exhibitor Time and Roundtable Discussions<\/td><td>12:15 PM &#8211; 1:00 PM<\/td><td>9:15 PM &#8211; 10:00 PM (August 4)<\/td><td>3:15 AM &#8211; 4:00 AM<\/td><\/tr><tr><td>Concurrent Sessions (two)<br \/><b>88<br \/>94<\/b><\/td><td>1:00 PM &#8211; 2:00 PM<\/td><td>10:00 PM &#8211; 11:00 PM (<span style=\"font-size: 14.4px;\">August 4<\/span>)<\/td><td>4:00 AM &#8211; 5:00 AM<\/td><\/tr><tr><td>Concurrent Sessions (three)<br \/><b>90<br \/>182<br \/>194<\/b><\/td><td>2:15 PM &#8211; 3:15 PM<\/td><td>11:15 PM &#8211; 12:15 AM\u00a0<br \/>(August 5)<\/td><td>5:15 AM &#8211; 6:15 AM<\/td><\/tr><tr><td>Keynote<br \/>Li-fang Zhang<\/td><td>3:30 PM &#8211; 4:30 PM<\/td><td>12:30 AM &#8211; 1:30 AM (<span style=\"font-size: 14.4px; background-color: #ffffff;\">August 5<\/span>)<\/td><td>6:30 AM &#8211; 7:30 AM<\/td><\/tr><\/tbody><\/table>\t\t\t\t\t\t\t\t<\/div>\n\t\t\t\t<\/div>\n\t\t\t\t<div class=\"elementor-element elementor-element-fc047a7 elementor-widget elementor-widget-heading\" data-id=\"fc047a7\" data-element_type=\"widget\" data-e-type=\"widget\" data-widget_type=\"heading.default\">\n\t\t\t\t<div class=\"elementor-widget-container\">\n\t\t\t\t\t<h2 class=\"elementor-heading-title elementor-size-default\">Day 2 - August 6 (live sessions in British Summer Time)<\/h2>\t\t\t\t<\/div>\n\t\t\t\t<\/div>\n\t\t\t\t<div class=\"elementor-element elementor-element-c9d01e3 elementor-widget elementor-widget-text-editor\" data-id=\"c9d01e3\" data-element_type=\"widget\" data-e-type=\"widget\" data-widget_type=\"text-editor.default\">\n\t\t\t\t<div class=\"elementor-widget-container\">\n\t\t\t\t\t\t\t\t\t<p><span style=\"text-decoration: underline;\"><a href=\"https:\/\/www.timeanddate.com\/worldclock\/fixedtime.html?msg=2023+Virtual+WCGTC+World+Conference+Day+2&amp;iso=20230806T10&amp;p1=136&amp;ah=6&amp;am=30\" target=\"_blank\" rel=\"noopener\" data-wplink-edit=\"true\">Click here<\/a><\/span> to view your local times for Day 2 live sessions.<\/p>\t\t\t\t\t\t\t\t<\/div>\n\t\t\t\t<\/div>\n\t\t\t\t<div class=\"elementor-element elementor-element-e8369d7 elementor-widget elementor-widget-text-editor\" data-id=\"e8369d7\" data-element_type=\"widget\" data-e-type=\"widget\" data-widget_type=\"text-editor.default\">\n\t\t\t\t<div class=\"elementor-widget-container\">\n\t\t\t\t\t\t\t\t\t<table width=\"886\"><tbody><tr><td width=\"203\">\u00a0<\/td><td width=\"157\">Time BST (London)<\/td><td width=\"219\">Time CDT (Chicago)<\/td><td width=\"307\">Time AEST (Sydney)<\/td><\/tr><tr><td>Concurrent Sessions (three)<br \/><b>30<br \/>100<br \/>113<\/b><\/td><td>10:00 AM &#8211; 11:00 AM<\/td><td>4:00 AM &#8211; 5:00 AM<\/td><td>7:00 PM\u00a0 &#8211; 8:00 PM<\/td><\/tr><tr><td>Keynote Panel<br \/>Wendy Behrens, Christian Fischer, Matt Fugate, Michelle Ronksley-Pavia<\/td><td>11:15 AM &#8211; 12:15 PM<\/td><td>5:15 AM &#8211; 6:15 AM<\/td><td>8:15 PM &#8211; 9:15 PM<\/td><\/tr><tr><td>Exhibitor Time and Roundtable Discussions<\/td><td>12:15 PM &#8211; 1:00 PM<\/td><td>6:15 AM &#8211; 7:00 AM<\/td><td>9:15 PM &#8211; 10:00 PM<\/td><\/tr><tr><td>Concurrent Sessions (two)<br \/><b>74<br \/>78<\/b><\/td><td>1:00 PM &#8211; 2:00 PM<\/td><td>7:00 AM &#8211; 8:00 AM<\/td><td>10:00 PM &#8211; 11:00 PM<\/td><\/tr><tr><td>Concurrent Sessions (three)<br \/><b>104<br \/>215<br \/>230<\/b><\/td><td>2:15 PM &#8211; 3:15 PM<\/td><td>8:15 AM &#8211; 9:15 AM<\/td><td>11:15 PM (August 6) &#8211; 12:15 AM (August 7)<\/td><\/tr><tr><td>Keynote<br \/>Karen Rambo-Hernandez<\/td><td>3:30 PM &#8211; 4:30 PM<\/td><td>9:30 AM &#8211; 10:30 AM<\/td><td>12:30 AM &#8211; 1:30 AM (August 7)<\/td><\/tr><\/tbody><\/table>\t\t\t\t\t\t\t\t<\/div>\n\t\t\t\t<\/div>\n\t\t\t\t<div class=\"elementor-element elementor-element-bbb8094 elementor-widget elementor-widget-heading\" data-id=\"bbb8094\" data-element_type=\"widget\" data-e-type=\"widget\" data-widget_type=\"heading.default\">\n\t\t\t\t<div class=\"elementor-widget-container\">\n\t\t\t\t\t<h2 class=\"elementor-heading-title elementor-size-default\">Day 3 - August 12 (live sessions in British Summer Time)<\/h2>\t\t\t\t<\/div>\n\t\t\t\t<\/div>\n\t\t\t\t<div class=\"elementor-element elementor-element-3f841e9 elementor-widget elementor-widget-text-editor\" data-id=\"3f841e9\" data-element_type=\"widget\" data-e-type=\"widget\" data-widget_type=\"text-editor.default\">\n\t\t\t\t<div class=\"elementor-widget-container\">\n\t\t\t\t\t\t\t\t\t<p><span style=\"text-decoration: underline;\"><a href=\"https:\/\/www.timeanddate.com\/worldclock\/fixedtime.html?msg=2023+Virtual+World+Conference+Day+3&amp;iso=20230812T10&amp;p1=136&amp;ah=6&amp;am=30\" target=\"_blank\" rel=\"noopener\">Click here<\/a><\/span> to view your local times for Day 3 live sessions.<\/p>\t\t\t\t\t\t\t\t<\/div>\n\t\t\t\t<\/div>\n\t\t\t\t<div class=\"elementor-element elementor-element-334f215 elementor-widget elementor-widget-text-editor\" data-id=\"334f215\" data-element_type=\"widget\" data-e-type=\"widget\" data-widget_type=\"text-editor.default\">\n\t\t\t\t<div class=\"elementor-widget-container\">\n\t\t\t\t\t\t\t\t\t<table width=\"886\"><tbody><tr><td width=\"203\">\u00a0<\/td><td width=\"157\">Time BST (London)<\/td><td width=\"219\">Time CDT (Chicago)<\/td><td width=\"307\">Time AEST (Sydney)<\/td><\/tr><tr><td>Keynote<br \/>M\u00e1rta F\u00fcl\u00f6p<\/td><td>10:00 AM &#8211; 11:00 AM<\/td><td>4:00 AM &#8211; 5:00 AM<\/td><td>7:00 PM\u00a0 &#8211; 8:00 PM<\/td><\/tr><tr><td>Concurrent Sessions (three)<br \/><b>71<br \/>175<br \/>208<\/b><\/td><td>11:15 AM &#8211; 12:15 PM<\/td><td>5:15 AM &#8211; 6:15 AM<\/td><td>8:15 PM &#8211; 9:15 PM<\/td><\/tr><tr><td>Exhibitor Time and Roundtable Discussions<\/td><td>12:15 PM &#8211; 1:00 PM<\/td><td>6:15 AM &#8211; 7:00 AM<\/td><td>9:15 PM &#8211; 10:00 PM<\/td><\/tr><tr><td>Concurrent Sessions (two)<br \/><b>63<br \/>108<\/b><\/td><td>1:00 PM &#8211; 2:00 PM<\/td><td>7:00 AM &#8211; 8:00 AM<\/td><td>10:00 PM &#8211; 11:00 PM<\/td><\/tr><tr><td>Concurrent Sessions (three)<br \/><b>51<br \/>56<br \/>120<\/b><\/td><td>2:15 PM &#8211; 3:15 PM<\/td><td>8:15 AM &#8211; 9:15 AM<\/td><td>11:15 PM (August 12) &#8211; 12:15 AM (August 13)<\/td><\/tr><tr><td>Keynote<br \/>Vlad Glaveanu<\/td><td>3:30 PM &#8211; 4:30 PM<\/td><td>9:30 AM &#8211; 10:30 AM<\/td><td>12:30 AM &#8211; 1:30 AM (August 13)<\/td><\/tr><\/tbody><\/table>\t\t\t\t\t\t\t\t<\/div>\n\t\t\t\t<\/div>\n\t\t\t\t<div class=\"elementor-element elementor-element-c21444f elementor-widget elementor-widget-heading\" data-id=\"c21444f\" data-element_type=\"widget\" data-e-type=\"widget\" data-widget_type=\"heading.default\">\n\t\t\t\t<div class=\"elementor-widget-container\">\n\t\t\t\t\t<h2 class=\"elementor-heading-title elementor-size-default\">Day 4 - August 13 (live sessions in Central Daylight Time in the US)<\/h2>\t\t\t\t<\/div>\n\t\t\t\t<\/div>\n\t\t\t\t<div class=\"elementor-element elementor-element-331ec9f elementor-widget elementor-widget-text-editor\" data-id=\"331ec9f\" data-element_type=\"widget\" data-e-type=\"widget\" data-widget_type=\"text-editor.default\">\n\t\t\t\t<div class=\"elementor-widget-container\">\n\t\t\t\t\t\t\t\t\t<p><span style=\"text-decoration: underline;\"><a href=\"https:\/\/www.timeanddate.com\/worldclock\/fixedtime.html?msg=2023+Virtual+WCGTC+World+Conference+Day+4&amp;iso=20230813T10&amp;p1=2508&amp;ah=6&amp;am=45\" target=\"_blank\" rel=\"noopener\" data-wplink-edit=\"true\">Click here<\/a><\/span> to view your local times for Day 4 live sessions.<\/p>\t\t\t\t\t\t\t\t<\/div>\n\t\t\t\t<\/div>\n\t\t\t\t<div class=\"elementor-element elementor-element-afb7892 elementor-widget elementor-widget-text-editor\" data-id=\"afb7892\" data-element_type=\"widget\" data-e-type=\"widget\" data-widget_type=\"text-editor.default\">\n\t\t\t\t<div class=\"elementor-widget-container\">\n\t\t\t\t\t\t\t\t\t<table width=\"886\">\n<tbody>\n<tr>\n<td width=\"203\">&nbsp;<\/td>\n<td width=\"157\">Time CDT (Chicago)<\/td>\n<td width=\"219\">Time BST (London)<\/td>\n<td width=\"307\">Time AEST (Sydney)<\/td>\n<\/tr>\n<tr>\n<td>Keynote<br>Kadir Bahar<\/td>\n<td>10:00 AM &#8211; 11:00 AM<\/td>\n<td>4:00 PM &#8211; 5:00 PM<\/td>\n<td>1:00 AM (August 14) &#8211; 2:00 AM (August 14)<\/td>\n<\/tr>\n<tr>\n<td>Concurrent Sessions (three)<br><b>29<br>69<br>237<\/b><\/td>\n<td>11:15 AM &#8211; 12:15 PM<\/td>\n<td>5:15 PM &#8211; 6:15 PM<\/td>\n<td>2:15 AM (August 14) &#8211; 3:15 AM (August 14)<\/td>\n<\/tr>\n<tr>\n<td>Exhibitor Time and Roundtable Discussions<\/td>\n<td>12:15 PM &#8211; 1:00 PM<\/td>\n<td>6:15 PM &#8211; 7:00 PM<\/td>\n<td>3:15 AM (August 14) &#8211; 4:00 AM (August 14)<\/td>\n<\/tr>\n<tr>\n<td>Concurrent Sessions (two)<br><b>83<br>204<\/b><\/td>\n<td>1:00 PM &#8211; 2:00 PM<\/td>\n<td>7:00 PM &#8211; 8:00 PM<\/td>\n<td>4:00 AM (August 14) &#8211; 5:00 AM (August 14)<\/td>\n<\/tr>\n<tr>\n<td>\n<p>Concurrent Sessions (two)<br><b>47<\/b><\/p><p><b>172<\/b><\/p>\n<\/td>\n<td>2:15 PM &#8211; 3:15 PM<\/td>\n<td>8:15 PM &#8211; 9:15 PM<\/td>\n<td>5:15 AM (August 14) &#8211; 6:15 AM (August 14)<\/td>\n<\/tr>\n<tr>\n<td>Keynote (TBD)<\/td>\n<td>3:30 PM &#8211; 4:30 PM<\/td>\n<td>9:30 PM &#8211; 10:30 PM<\/td>\n<td>6:30 AM (August 14) &#8211; 7:30 AM (August 14)<\/td>\n<\/tr>\n<tr>\n<td>Closing<\/td>\n<td>4:30 PM &#8211; 4:45 PM<\/td>\n<td>10:30 PM &#8211; 10:45 PM<\/td>\n<td>7:30 AM &#8211; 7:45 AM (August 14)<\/td>\n<\/tr>\n<\/tbody>\n<\/table>\t\t\t\t\t\t\t\t<\/div>\n\t\t\t\t<\/div>\n\t\t\t\t\t<\/div>\n\t\t<\/div>\n\t\t\t\t<div class=\"elementor-column elementor-col-50 elementor-top-column elementor-element elementor-element-41f4dbf\" data-id=\"41f4dbf\" data-element_type=\"column\" data-e-type=\"column\">\n\t\t\t<div class=\"elementor-widget-wrap elementor-element-populated\">\n\t\t\t\t\t\t\t<\/div>\n\t\t<\/div>\n\t\t\t\t\t<\/div>\n\t\t<\/section>\n\t\t\t\t<\/div>\n\t\t","protected":false},"excerpt":{"rendered":"<p>A tentative schedule for the live sessions for the Virtual World Conference is included below. The table below lists the times in three different time zones (AEST, CDT, and BST). Links for viewing the times in your local time zone are also included below. This schedule is tentative and subject to change. Some synchronous conversations [&hellip;]<\/p>\n","protected":false},"author":1,"featured_media":0,"parent":0,"menu_order":0,"comment_status":"closed","ping_status":"closed","template":"","meta":{"footnotes":""},"class_list":["post-891","page","type-page","status-publish","hentry"],"yoast_head":"<!-- This site is optimized with the Yoast SEO plugin v27.3 - https:\/\/yoast.com\/product\/yoast-seo-wordpress\/ -->\n<title>Schedule - 2023 WCGTC\u00ae World Conference<\/title>\n<meta name=\"description\" content=\"The World Conference schedule is spread over two consecutive weekends. Live sessions will be in AEST on day 1, BST days 2 and 3, and CDT day 4\" \/>\n<meta name=\"robots\" content=\"index, follow, max-snippet:-1, max-image-preview:large, max-video-preview:-1\" \/>\n<link rel=\"canonical\" href=\"https:\/\/world-gifted.org\/Conferences\/wcgtc23\/schedule\/\" \/>\n<meta property=\"og:locale\" content=\"en_US\" \/>\n<meta property=\"og:type\" content=\"article\" \/>\n<meta property=\"og:title\" content=\"Schedule - 2023 WCGTC\u00ae World Conference\" \/>\n<meta property=\"og:description\" content=\"The World Conference schedule is spread over two consecutive weekends. Live sessions will be in AEST on day 1, BST days 2 and 3, and CDT day 4\" \/>\n<meta property=\"og:url\" content=\"https:\/\/world-gifted.org\/Conferences\/wcgtc23\/schedule\/\" \/>\n<meta property=\"og:site_name\" content=\"2023 WCGTC\u00ae World Conference\" \/>\n<meta property=\"article:publisher\" content=\"https:\/\/facebook.com\/wcgtc\" \/>\n<meta property=\"article:modified_time\" content=\"2023-06-08T14:26:49+00:00\" \/>\n<meta name=\"twitter:card\" content=\"summary_large_image\" \/>\n<meta name=\"twitter:site\" content=\"@wcgtc\" \/>\n<meta name=\"twitter:label1\" content=\"Est. reading time\" \/>\n\t<meta name=\"twitter:data1\" content=\"4 minutes\" \/>\n<script type=\"application\/ld+json\" class=\"yoast-schema-graph\">{\"@context\":\"https:\\\/\\\/schema.org\",\"@graph\":[{\"@type\":\"WebPage\",\"@id\":\"https:\\\/\\\/world-gifted.org\\\/Conferences\\\/wcgtc23\\\/schedule\\\/\",\"url\":\"https:\\\/\\\/world-gifted.org\\\/Conferences\\\/wcgtc23\\\/schedule\\\/\",\"name\":\"Schedule - 2023 WCGTC\u00ae World Conference\",\"isPartOf\":{\"@id\":\"https:\\\/\\\/world-gifted.org\\\/Conferences\\\/wcgtc23\\\/#website\"},\"datePublished\":\"2021-02-05T18:43:32+00:00\",\"dateModified\":\"2023-06-08T14:26:49+00:00\",\"description\":\"The World Conference schedule is spread over two consecutive weekends. Live sessions will be in AEST on day 1, BST days 2 and 3, and CDT day 4\",\"breadcrumb\":{\"@id\":\"https:\\\/\\\/world-gifted.org\\\/Conferences\\\/wcgtc23\\\/schedule\\\/#breadcrumb\"},\"inLanguage\":\"en-US\",\"potentialAction\":[{\"@type\":\"ReadAction\",\"target\":[\"https:\\\/\\\/world-gifted.org\\\/Conferences\\\/wcgtc23\\\/schedule\\\/\"]}]},{\"@type\":\"BreadcrumbList\",\"@id\":\"https:\\\/\\\/world-gifted.org\\\/Conferences\\\/wcgtc23\\\/schedule\\\/#breadcrumb\",\"itemListElement\":[{\"@type\":\"ListItem\",\"position\":1,\"name\":\"Home\",\"item\":\"https:\\\/\\\/world-gifted.org\\\/Conferences\\\/wcgtc23\\\/\"},{\"@type\":\"ListItem\",\"position\":2,\"name\":\"Schedule\"}]},{\"@type\":\"WebSite\",\"@id\":\"https:\\\/\\\/world-gifted.org\\\/Conferences\\\/wcgtc23\\\/#website\",\"url\":\"https:\\\/\\\/world-gifted.org\\\/Conferences\\\/wcgtc23\\\/\",\"name\":\"2023 WCGTC\u00ae World Conference\",\"description\":\"Just another WCGTC\u00ae World Conferences site\",\"publisher\":{\"@id\":\"https:\\\/\\\/world-gifted.org\\\/Conferences\\\/wcgtc23\\\/#organization\"},\"potentialAction\":[{\"@type\":\"SearchAction\",\"target\":{\"@type\":\"EntryPoint\",\"urlTemplate\":\"https:\\\/\\\/world-gifted.org\\\/Conferences\\\/wcgtc23\\\/?s={search_term_string}\"},\"query-input\":{\"@type\":\"PropertyValueSpecification\",\"valueRequired\":true,\"valueName\":\"search_term_string\"}}],\"inLanguage\":\"en-US\"},{\"@type\":\"Organization\",\"@id\":\"https:\\\/\\\/world-gifted.org\\\/Conferences\\\/wcgtc23\\\/#organization\",\"name\":\"2023 WCGTC\u00ae World Conference\",\"url\":\"https:\\\/\\\/world-gifted.org\\\/Conferences\\\/wcgtc23\\\/\",\"logo\":{\"@type\":\"ImageObject\",\"inLanguage\":\"en-US\",\"@id\":\"https:\\\/\\\/world-gifted.org\\\/Conferences\\\/wcgtc23\\\/#\\\/schema\\\/logo\\\/image\\\/\",\"url\":\"https:\\\/\\\/world-gifted.org\\\/Conferences\\\/wcgtc23\\\/wp-content\\\/uploads\\\/sites\\\/4\\\/2022\\\/05\\\/WCGTC-Logo-R-With-Org-Name-no-bg.png\",\"contentUrl\":\"https:\\\/\\\/world-gifted.org\\\/Conferences\\\/wcgtc23\\\/wp-content\\\/uploads\\\/sites\\\/4\\\/2022\\\/05\\\/WCGTC-Logo-R-With-Org-Name-no-bg.png\",\"width\":512,\"height\":512,\"caption\":\"2023 WCGTC\u00ae World Conference\"},\"image\":{\"@id\":\"https:\\\/\\\/world-gifted.org\\\/Conferences\\\/wcgtc23\\\/#\\\/schema\\\/logo\\\/image\\\/\"},\"sameAs\":[\"https:\\\/\\\/facebook.com\\\/wcgtc\",\"https:\\\/\\\/x.com\\\/wcgtc\"]}]}<\/script>\n<!-- \/ Yoast SEO plugin. -->","yoast_head_json":{"title":"Schedule - 2023 WCGTC\u00ae World Conference","description":"The World Conference schedule is spread over two consecutive weekends. Live sessions will be in AEST on day 1, BST days 2 and 3, and CDT day 4","robots":{"index":"index","follow":"follow","max-snippet":"max-snippet:-1","max-image-preview":"max-image-preview:large","max-video-preview":"max-video-preview:-1"},"canonical":"https:\/\/world-gifted.org\/Conferences\/wcgtc23\/schedule\/","og_locale":"en_US","og_type":"article","og_title":"Schedule - 2023 WCGTC\u00ae World Conference","og_description":"The World Conference schedule is spread over two consecutive weekends. Live sessions will be in AEST on day 1, BST days 2 and 3, and CDT day 4","og_url":"https:\/\/world-gifted.org\/Conferences\/wcgtc23\/schedule\/","og_site_name":"2023 WCGTC\u00ae World Conference","article_publisher":"https:\/\/facebook.com\/wcgtc","article_modified_time":"2023-06-08T14:26:49+00:00","twitter_card":"summary_large_image","twitter_site":"@wcgtc","twitter_misc":{"Est. reading time":"4 minutes"},"schema":{"@context":"https:\/\/schema.org","@graph":[{"@type":"WebPage","@id":"https:\/\/world-gifted.org\/Conferences\/wcgtc23\/schedule\/","url":"https:\/\/world-gifted.org\/Conferences\/wcgtc23\/schedule\/","name":"Schedule - 2023 WCGTC\u00ae World Conference","isPartOf":{"@id":"https:\/\/world-gifted.org\/Conferences\/wcgtc23\/#website"},"datePublished":"2021-02-05T18:43:32+00:00","dateModified":"2023-06-08T14:26:49+00:00","description":"The World Conference schedule is spread over two consecutive weekends. Live sessions will be in AEST on day 1, BST days 2 and 3, and CDT day 4","breadcrumb":{"@id":"https:\/\/world-gifted.org\/Conferences\/wcgtc23\/schedule\/#breadcrumb"},"inLanguage":"en-US","potentialAction":[{"@type":"ReadAction","target":["https:\/\/world-gifted.org\/Conferences\/wcgtc23\/schedule\/"]}]},{"@type":"BreadcrumbList","@id":"https:\/\/world-gifted.org\/Conferences\/wcgtc23\/schedule\/#breadcrumb","itemListElement":[{"@type":"ListItem","position":1,"name":"Home","item":"https:\/\/world-gifted.org\/Conferences\/wcgtc23\/"},{"@type":"ListItem","position":2,"name":"Schedule"}]},{"@type":"WebSite","@id":"https:\/\/world-gifted.org\/Conferences\/wcgtc23\/#website","url":"https:\/\/world-gifted.org\/Conferences\/wcgtc23\/","name":"2023 WCGTC\u00ae World Conference","description":"Just another WCGTC\u00ae World Conferences site","publisher":{"@id":"https:\/\/world-gifted.org\/Conferences\/wcgtc23\/#organization"},"potentialAction":[{"@type":"SearchAction","target":{"@type":"EntryPoint","urlTemplate":"https:\/\/world-gifted.org\/Conferences\/wcgtc23\/?s={search_term_string}"},"query-input":{"@type":"PropertyValueSpecification","valueRequired":true,"valueName":"search_term_string"}}],"inLanguage":"en-US"},{"@type":"Organization","@id":"https:\/\/world-gifted.org\/Conferences\/wcgtc23\/#organization","name":"2023 WCGTC\u00ae World Conference","url":"https:\/\/world-gifted.org\/Conferences\/wcgtc23\/","logo":{"@type":"ImageObject","inLanguage":"en-US","@id":"https:\/\/world-gifted.org\/Conferences\/wcgtc23\/#\/schema\/logo\/image\/","url":"https:\/\/world-gifted.org\/Conferences\/wcgtc23\/wp-content\/uploads\/sites\/4\/2022\/05\/WCGTC-Logo-R-With-Org-Name-no-bg.png","contentUrl":"https:\/\/world-gifted.org\/Conferences\/wcgtc23\/wp-content\/uploads\/sites\/4\/2022\/05\/WCGTC-Logo-R-With-Org-Name-no-bg.png","width":512,"height":512,"caption":"2023 WCGTC\u00ae World Conference"},"image":{"@id":"https:\/\/world-gifted.org\/Conferences\/wcgtc23\/#\/schema\/logo\/image\/"},"sameAs":["https:\/\/facebook.com\/wcgtc","https:\/\/x.com\/wcgtc"]}]}},"_links":{"self":[{"href":"https:\/\/world-gifted.org\/Conferences\/wcgtc23\/wp-json\/wp\/v2\/pages\/891","targetHints":{"allow":["GET"]}}],"collection":[{"href":"https:\/\/world-gifted.org\/Conferences\/wcgtc23\/wp-json\/wp\/v2\/pages"}],"about":[{"href":"https:\/\/world-gifted.org\/Conferences\/wcgtc23\/wp-json\/wp\/v2\/types\/page"}],"author":[{"embeddable":true,"href":"https:\/\/world-gifted.org\/Conferences\/wcgtc23\/wp-json\/wp\/v2\/users\/1"}],"replies":[{"embeddable":true,"href":"https:\/\/world-gifted.org\/Conferences\/wcgtc23\/wp-json\/wp\/v2\/comments?post=891"}],"version-history":[{"count":24,"href":"https:\/\/world-gifted.org\/Conferences\/wcgtc23\/wp-json\/wp\/v2\/pages\/891\/revisions"}],"predecessor-version":[{"id":1536,"href":"https:\/\/world-gifted.org\/Conferences\/wcgtc23\/wp-json\/wp\/v2\/pages\/891\/revisions\/1536"}],"wp:attachment":[{"href":"https:\/\/world-gifted.org\/Conferences\/wcgtc23\/wp-json\/wp\/v2\/media?parent=891"}],"curies":[{"name":"wp","href":"https:\/\/api.w.org\/{rel}","templated":true}]}}